{"id":175,"date":"2025-06-11T19:57:09","date_gmt":"2025-06-11T19:57:09","guid":{"rendered":"https:\/\/hamkordev.cameloth.de\/?page_id=175"},"modified":"2025-06-11T21:17:42","modified_gmt":"2025-06-11T21:17:42","slug":"impressum","status":"publish","type":"page","link":"https:\/\/hamkordev.cameloth.de\/index.php\/impressum\/","title":{"rendered":"Impressum und Haftungshinweis"},"content":{"rendered":"\n<p><strong>Haben Sie ein Anliegen, eine Anfrage oder Feedback f\u00fcr uns?<\/strong><\/p>\n\n\n\n<p><a href=\"https:\/\/hamkordev.cameloth.de\/index.php\/kontakt\/\">Hier k\u00f6nnen Sie per Formular Kontakt zu uns aufnehmen.<\/a><\/p>\n\n\n\n<p><strong>M\u00f6chten Sie uns Ihren Lebenslauf\/Ihr Profil zusenden?<\/strong><\/p>\n\n\n\n<p><a href=\"https:\/\/hamkordev.cameloth.de\/index.php\/anfrage\/\">Hier k\u00f6nnen Sie Ihren Lebenslauf\/Ihr Profil hochladen!<\/a><\/p>\n\n\n\n<p><strong>Suchen Sie eine Firma, die Ihre W\u00fcnsche umsetzte?<\/strong><\/p>\n\n\n\n<p><a href=\"https:\/\/hamkordev.cameloth.de\/index.php\/anfrage\/\">Hier k\u00f6nnen Sie uns Ihre W\u00fcnsche per Formular mitteilen.<\/a><\/p>\n\n\n\n<p><\/p>\n\n\n\n<p>Trotz sorgf\u00e4ltiger inhaltlicher Kontrolle \u00fcbernehmen wir keine Haftung f\u00fcr die Inhalte externer Links. F\u00fcr den Inhalt der verlinkten Seiten sind ausschlie\u00dflich die Betreibenden verantwortlich.<\/p>\n\n\n\n<p><strong>HakKorDev GmbH<\/strong><br>Nettetaler Stra\u00dfe 148 B<br>41751 Viersen<br>T:\u00a0<a href=\"tel:4922195018830\">+49 221-95018830<\/a><br>E:\u00a0<a href=\"mailto:office@hamcordev.com\">office@hamcordev.com<\/a><\/p>\n\n\n\n<p>HRB 23368 Amtsgericht M\u00f6nchengladbach<br>USt-IdNr. DE 356921303<\/p>\n\n\n\n<p><strong>Inhaltlich verantwortlich im Sinne des \u00a7 18 Abs. 2 Medienstaatsvertrag (MStV):<\/strong><br>Bj\u00f6rn Sa\u00dfmannshausen<br>Nettetaler Stra\u00dfe 148 B<br>41751 Viersen<\/p>\n\n\n\n<p><strong>Gesch\u00e4ftsf\u00fchrer Hamkordev GmbH:<\/strong><br>Bj\u00f6rn Sa\u00dfmannshausen, Rida El Moujibi\u00a0<br>Nettetaler Stra\u00dfe 148 B<br>41751 Viersen<br>E:\u00a0<a href=\"mailto:office@hamcordev.com\">office@hamcordev.com<\/a><\/p>\n\n\n\n<p><\/p>\n\n\n\n<p><\/p>\n","protected":false},"excerpt":{"rendered":"<p>Haben Sie ein Anliegen, eine Anfrage oder Feedback f\u00fcr uns? Hier k\u00f6nnen Sie per Formular Kontakt zu uns aufnehmen. M\u00f6chten Sie uns Ihren Lebenslauf\/Ihr Profil zusenden? Hier k\u00f6nnen Sie Ihren Lebenslauf\/Ihr Profil hochladen! Suchen Sie eine Firma, die Ihre W\u00fcnsche umsetzte? Hier k\u00f6nnen Sie uns Ihre W\u00fcnsche per Formular mitteilen. Trotz sorgf\u00e4ltiger inhaltlicher Kontrolle \u00fcbernehmen [&hellip;]<\/p>\n","protected":false},"author":1,"featured_media":0,"parent":0,"menu_order":0,"comment_status":"closed","ping_status":"closed","template":"","meta":{"footnotes":""},"class_list":["post-175","page","type-page","status-publish","hentry"],"_links":{"self":[{"href":"https:\/\/hamkordev.cameloth.de\/index.php\/wp-json\/wp\/v2\/pages\/175","targetHints":{"allow":["GET"]}}],"collection":[{"href":"https:\/\/hamkordev.cameloth.de\/index.php\/wp-json\/wp\/v2\/pages"}],"about":[{"href":"https:\/\/hamkordev.cameloth.de\/index.php\/wp-json\/wp\/v2\/types\/page"}],"author":[{"embeddable":true,"href":"https:\/\/hamkordev.cameloth.de\/index.php\/wp-json\/wp\/v2\/users\/1"}],"replies":[{"embeddable":true,"href":"https:\/\/hamkordev.cameloth.de\/index.php\/wp-json\/wp\/v2\/comments?post=175"}],"version-history":[{"count":5,"href":"https:\/\/hamkordev.cameloth.de\/index.php\/wp-json\/wp\/v2\/pages\/175\/revisions"}],"predecessor-version":[{"id":208,"href":"https:\/\/hamkordev.cameloth.de\/index.php\/wp-json\/wp\/v2\/pages\/175\/revisions\/208"}],"wp:attachment":[{"href":"https:\/\/hamkordev.cameloth.de\/index.php\/wp-json\/wp\/v2\/media?parent=175"}],"curies":[{"name":"wp","href":"https:\/\/api.w.org\/{rel}","templated":true}]}}